{"id":1702,"date":"2018-11-30T14:40:28","date_gmt":"2018-11-30T13:40:28","guid":{"rendered":"http:\/\/2018.klaassen-gmbh.de\/de\/?page_id=1702"},"modified":"2019-02-06T18:02:38","modified_gmt":"2019-02-06T17:02:38","slug":"sonderloesungen-prpb3","status":"publish","type":"page","link":"https:\/\/www.klaassen-gmbh.de\/de\/sonderloesungen\/sonderloesungen-prpb3\/","title":{"rendered":"prpb3"},"content":{"rendered":"<div class=\"fusion-fullwidth fullwidth-box nonhundred-percent-fullwidth non-hundred-percent-height-scrolling\"  style='background-color: #eceded;background-position: center center;background-repeat: no-repeat;padding-top:8px;padding-right:8px;padding-bottom:8px;padding-left:8px;'><div class=\"fusion-builder-row fusion-row \"><div  class=\"fusion-layout-column fusion_builder_column fusion_builder_column_1_1  fusion-one-full fusion-column-first fusion-column-last 1_1\"  style='margin-top:0px;margin-bottom:0px;'>\n\t\t\t\t\t<div class=\"fusion-column-wrapper\" style=\"padding: 30px 30px 30px 30px;background-position:left top;background-repeat:no-repeat;-webkit-background-size:cover;-moz-background-size:cover;-o-background-size:cover;background-size:cover;\"  data-bg-url=\"\">\n\t\t\t\t\t\t<div class=\"fusion-title title fusion-sep-none fusion-title-size-one\" style=\"margin-top:10px;margin-bottom:20px;\"><h1 class=\"title-heading-left\"><h1>SONDERMASCHINE ZUM BOHREN VON FILTERROHREN F\u00dcR DEN BRUNNENBAU<\/h1><\/h1><\/div><div class=\"fusion-sep-clear\"><\/div><div class=\"fusion-separator sep-single sep-solid\" style=\"border-color:#003878;border-top-width:1px;margin-top:0px;margin-bottom:0px;width:100%;max-width:1200px;\"><\/div><div class=\"fusion-builder-row fusion-builder-row-inner fusion-row \"><div  class=\"fusion-layout-column fusion_builder_column fusion_builder_column_1_2  fusion-one-half fusion-column-first 1_2\"  style='margin-top: 0px;margin-bottom: 20px;width:50%;width:calc(50% - ( ( 4% ) * 0.5 ) );margin-right:4%;'><div class=\"fusion-column-wrapper\" style=\"padding: 0px 0px 0px 0px;background-position:left top;background-repeat:no-repeat;-webkit-background-size:cover;-moz-background-size:cover;-o-background-size:cover;background-size:cover;\"  data-bg-url=\"\"><div class=\"fusion-text\"><h3>Eine konventionelle Drehmaschine aus den 40-er Jahren wurde umgebaut um damit in Edelstahlrohre eine gro\u00dfe Zahl von L\u00f6chern einzubringen. Dazu wurden auf dem X-Schlitten vier gleiche Bohreinheiten montiert. Der Hauptspindelantieb dient zum positionieren des Rohrs. Die Antriebe sind so ausgelegt, dass diese Maschine bei Bedarf auch wieder als Drehmaschine einsetzbar ist.<\/h3>\n<\/div><\/div><\/div><div  class=\"fusion-layout-column fusion_builder_column fusion_builder_column_1_2  fusion-one-half fusion-column-last 1_2\"  style='margin-top: 0px;margin-bottom: 0px;width:50%;width:calc(50% - ( ( 4% ) * 0.5 ) );'><div class=\"fusion-column-wrapper\" style=\"padding: 0px 0px 0px 0px;background-position:left top;background-repeat:no-repeat;-webkit-background-size:cover;-moz-background-size:cover;-o-background-size:cover;background-size:cover;\"  data-bg-url=\"\"><div class=\"fusion-title title fusion-sep-none fusion-title-size-three\" style=\"margin-top:0px;margin-bottom:0px;\"><h3 class=\"title-heading-left\"><ul>\n<li>CNC-Steuerung Siemens 840D mit digitaler 611D Antriebstechnik<\/li>\n<li>Vier Bohreinheiten mit stufenlos einstellbarer Drehzahl \u00fcber Frequenzumrichter<\/li>\n<li>Werkst\u00fcckl\u00e4nge \u00fcber 10 Meter<\/li>\n<\/ul><\/h3><\/div><\/div><\/div><\/div><div class=\"fusion-builder-row fusion-builder-row-inner fusion-row \"><div  class=\"fusion-layout-column fusion_builder_column fusion_builder_column_1_2  fusion-one-half fusion-column-first 1_2\"  style='margin-top: 0px;margin-bottom: 0px;width:50%;width:calc(50% - ( ( 4% ) * 0.5 ) );margin-right:4%;'><div class=\"fusion-column-wrapper\" style=\"padding: 0px 0px 0px 0px;background-position:left top;background-repeat:no-repeat;-webkit-background-size:cover;-moz-background-size:cover;-o-background-size:cover;background-size:cover;\"  data-bg-url=\"\"><div class=\"imageframe-align-center\"><span class=\"fusion-imageframe imageframe-none imageframe-1 hover-type-none fusion-animated\" data-animationType=\"fadeInLeft\" data-animationDuration=\"0.3\" data-animationOffset=\"100%\"><img decoding=\"async\" loading=\"lazy\" src=\"https:\/\/www.klaassen-gmbh.de\/de\/wp-content\/uploads\/2018\/11\/bild_pb3a.png\" width=\"400\" height=\"323\" alt=\"\" title=\"bild_pb3a\" class=\"img-responsive wp-image-1629\" srcset=\"https:\/\/www.klaassen-gmbh.de\/de\/wp-content\/uploads\/2018\/11\/bild_pb3a-200x162.png 200w, https:\/\/www.klaassen-gmbh.de\/de\/wp-content\/uploads\/2018\/11\/bild_pb3a.png 400w\" sizes=\"(max-width: 800px) 100vw, 400px\" \/><\/span><\/div><div class=\"fusion-text\"><h5 style=\"text-align: center;\">Abb.: Probebearbeitung<\/h5>\n<\/div><\/div><\/div><div  class=\"fusion-layout-column fusion_builder_column fusion_builder_column_1_2  fusion-one-half fusion-column-last 1_2\"  style='margin-top: 0px;margin-bottom: 0px;width:50%;width:calc(50% - ( ( 4% ) * 0.5 ) );'><div class=\"fusion-column-wrapper\" style=\"padding: 0px 0px 0px 0px;background-position:left top;background-repeat:no-repeat;-webkit-background-size:cover;-moz-background-size:cover;-o-background-size:cover;background-size:cover;\"  data-bg-url=\"\"><div class=\"imageframe-align-center\"><span class=\"fusion-imageframe imageframe-none imageframe-2 hover-type-none fusion-animated\" data-animationType=\"fadeInLeft\" data-animationDuration=\"0.3\" data-animationOffset=\"100%\"><img decoding=\"async\" loading=\"lazy\" src=\"https:\/\/www.klaassen-gmbh.de\/de\/wp-content\/uploads\/2018\/11\/bild_pb3b.png\" width=\"400\" height=\"323\" alt=\"\" title=\"bild_pb3b\" class=\"img-responsive wp-image-1630\" srcset=\"https:\/\/www.klaassen-gmbh.de\/de\/wp-content\/uploads\/2018\/11\/bild_pb3b-200x162.png 200w, https:\/\/www.klaassen-gmbh.de\/de\/wp-content\/uploads\/2018\/11\/bild_pb3b.png 400w\" sizes=\"(max-width: 800px) 100vw, 400px\" \/><\/span><\/div><div class=\"fusion-text\"><h5 style=\"text-align: center;\" data-fontsize=\"16\" data-lineheight=\"24\">Abb.: Edelstahlrohr mit Bohreinheiten<\/h5>\n<\/div><\/div><\/div><\/div><div class=\"fusion-button-wrapper fusion-alignleft\"><style type=\"text\/css\" scoped=\"scoped\">.fusion-button.button-1 .fusion-button-text, .fusion-button.button-1 i {color:#ffffff;}.fusion-button.button-1 .fusion-button-text {text-transform:none;}.fusion-button.button-1 {border-width:0px;border-color:#ffffff;}.fusion-button.button-1 .fusion-button-icon-divider{border-color:#ffffff;}.fusion-button.button-1:hover .fusion-button-text, .fusion-button.button-1:hover i,.fusion-button.button-1:focus .fusion-button-text, .fusion-button.button-1:focus i,.fusion-button.button-1:active .fusion-button-text, .fusion-button.button-1:active{color:#ffffff;}.fusion-button.button-1:hover, .fusion-button.button-1:focus, .fusion-button.button-1:active{border-width:0px;border-color:#ffffff;}.fusion-button.button-1:hover .fusion-button-icon-divider, .fusion-button.button-1:hover .fusion-button-icon-divider, .fusion-button.button-1:active .fusion-button-icon-divider{border-color:#ffffff;}.fusion-button.button-1{background: #003878;}.fusion-button.button-1:hover,.button-1:focus,.fusion-button.button-1:active{background: #003878;}.fusion-button.button-1{width:auto;}<\/style><a class=\"fusion-button button-flat fusion-button-square button-large button-custom button-1\" target=\"_self\" href=\"https:\/\/www.klaassen-gmbh.de\/de\/sonderloesungen#CNC-ROHRBOHRANLAGE\"><i class=\"fa-angle-double-left fas button-icon-left\"><\/i><span class=\"fusion-button-text\">Zur\u00fcck<\/span><\/a><\/div><div class=\"fusion-clearfix\"><\/div>\n\n\t\t\t\t\t<\/div>\n\t\t\t\t<\/div><\/div><\/div>\n","protected":false},"excerpt":{"rendered":"","protected":false},"author":1,"featured_media":0,"parent":1023,"menu_order":0,"comment_status":"closed","ping_status":"closed","template":"","meta":[],"_links":{"self":[{"href":"https:\/\/www.klaassen-gmbh.de\/de\/wp-json\/wp\/v2\/pages\/1702"}],"collection":[{"href":"https:\/\/www.klaassen-gmbh.de\/de\/wp-json\/wp\/v2\/pages"}],"about":[{"href":"https:\/\/www.klaassen-gmbh.de\/de\/wp-json\/wp\/v2\/types\/page"}],"author":[{"embeddable":true,"href":"https:\/\/www.klaassen-gmbh.de\/de\/wp-json\/wp\/v2\/users\/1"}],"replies":[{"embeddable":true,"href":"https:\/\/www.klaassen-gmbh.de\/de\/wp-json\/wp\/v2\/comments?post=1702"}],"version-history":[{"count":7,"href":"https:\/\/www.klaassen-gmbh.de\/de\/wp-json\/wp\/v2\/pages\/1702\/revisions"}],"predecessor-version":[{"id":2700,"href":"https:\/\/www.klaassen-gmbh.de\/de\/wp-json\/wp\/v2\/pages\/1702\/revisions\/2700"}],"up":[{"embeddable":true,"href":"https:\/\/www.klaassen-gmbh.de\/de\/wp-json\/wp\/v2\/pages\/1023"}],"wp:attachment":[{"href":"https:\/\/www.klaassen-gmbh.de\/de\/wp-json\/wp\/v2\/media?parent=1702"}],"curies":[{"name":"wp","href":"https:\/\/api.w.org\/{rel}","templated":true}]}}