{"id":3063,"date":"2019-09-04T16:55:18","date_gmt":"2019-09-04T14:55:18","guid":{"rendered":"https:\/\/www.klaassen-gmbh.de\/de\/?page_id=3063"},"modified":"2019-09-17T14:40:21","modified_gmt":"2019-09-17T12:40:21","slug":"cnc-prpr1","status":"publish","type":"page","link":"https:\/\/www.klaassen-gmbh.de\/de\/cnc\/cnc-prpr1\/","title":{"rendered":"prpr1"},"content":{"rendered":"<div class=\"fusion-fullwidth fullwidth-box nonhundred-percent-fullwidth non-hundred-percent-height-scrolling\"  style='background-color: #eceded;background-position: center center;background-repeat: no-repeat;padding-top:8px;padding-right:8px;padding-bottom:8px;padding-left:8px;'><div class=\"fusion-builder-row fusion-row \"><div  class=\"fusion-layout-column fusion_builder_column fusion_builder_column_1_1  fusion-one-full fusion-column-first fusion-column-last 1_1\"  style='margin-top:0px;margin-bottom:0px;'>\n\t\t\t\t\t<div class=\"fusion-column-wrapper\" style=\"padding: 30px 30px 30px 30px;background-position:left top;background-repeat:no-repeat;-webkit-background-size:cover;-moz-background-size:cover;-o-background-size:cover;background-size:cover;\"  data-bg-url=\"\">\n\t\t\t\t\t\t<div class=\"fusion-title title fusion-sep-none fusion-title-size-two\" style=\"margin-top:10px;margin-bottom:20px;\"><h2 class=\"title-heading-left\"><h1>IVA-BAZ 15-5<\/h1><\/h2><\/div><div class=\"fusion-sep-clear\"><\/div><div class=\"fusion-separator sep-single sep-solid\" style=\"border-color:#003878;border-top-width:1px;margin-top:0px;margin-bottom:0px;width:100%;max-width:1200px;\"><\/div><div class=\"fusion-title title fusion-sep-none fusion-title-size-two\" style=\"margin-top:10px;margin-bottom:20px;\"><h2 class=\"title-heading-left\"><h3>vielseitig einsetzbares Dreh-Bearbeitungszentrum f\u00fcr vollwertiges Drehen und komplexes Bohren und Fr\u00e4sen<\/h3>\n<h4><strong>Dreh-\u00d8\u00a0\u00a0\u00a0\u00a0\u00a0\u00a0\u00a0\u00a0\u00a0\u00a0\u00a0\u00a0\u00a0\u00a0\u00a0 1.500 mm<\/strong><br \/>\n<strong>Spitzenweite\u00a0\u00a0\u00a0\u00a0 4.500 mm<\/strong><\/h4><\/h2><\/div><div class=\"fusion-builder-row fusion-builder-row-inner fusion-row \"><div  class=\"fusion-layout-column fusion_builder_column fusion_builder_column_1_2  fusion-one-half fusion-column-first 1_2\"  style='margin-top: 0px;margin-bottom: 20px;width:50%;width:calc(50% - ( ( 4% ) * 0.5 ) );margin-right:4%;'><div class=\"fusion-column-wrapper\" style=\"padding: 0px 0px 0px 0px;background-position:left top;background-repeat:no-repeat;-webkit-background-size:cover;-moz-background-size:cover;-o-background-size:cover;background-size:cover;\"  data-bg-url=\"\"><div class=\"fusion-title title fusion-sep-none fusion-title-size-three\" style=\"margin-top:0px;margin-bottom:0px;\"><h3 class=\"title-heading-left\"><ul>\n<li>4-Bahnenbettmaschine<\/li>\n<li>leistungsstarker Spindelkasten mit spielfreier C-Achse<\/li>\n<li>vollwertiges Fr\u00e4sen in 3 Achsen (Y-Achse = 340 mm)<\/li>\n<li>Direktmesssystem in jeder CNC-Achse<\/li>\n<li>stufenlos anstellbare Motorfr\u00e4sspindel<\/li>\n<li>Klaa\u00dfen-Motorfr\u00e4sspindel 37 kW \/ 4000 1\/min \/ 330 Nm [S1]<\/li>\n<\/ul><\/h3><\/div><div class=\"fusion-text\"><\/div><\/div><\/div><div  class=\"fusion-layout-column fusion_builder_column fusion_builder_column_1_2  fusion-one-half fusion-column-last 1_2\"  style='margin-top: 0px;margin-bottom: 20px;width:50%;width:calc(50% - ( ( 4% ) * 0.5 ) );'><div class=\"fusion-column-wrapper\" style=\"padding: 0px 0px 0px 0px;background-position:left top;background-repeat:no-repeat;-webkit-background-size:cover;-moz-background-size:cover;-o-background-size:cover;background-size:cover;\"  data-bg-url=\"\"><div class=\"fusion-title title fusion-sep-none fusion-title-size-three\" style=\"margin-top:0px;margin-bottom:0px;\"><h3 class=\"title-heading-left\"><ul>\n<li>automatischer Werkzeugwechsel f\u00fcr Dreh- und Fr\u00e4swerkzeuge<\/li>\n<li>L\u00fcnetten und Reitsstock vollst\u00e4ndig \u00fcberfahrbar<\/li>\n<li>Innenfr\u00e4sk\u00f6pfe<\/li>\n<li>Schleifsupport<\/li>\n<li>umfangreiches Zubeh\u00f6r verf\u00fcgbar<\/li>\n<\/ul><\/h3><\/div><div class=\"fusion-text\"><\/div><\/div><\/div><\/div><div class=\"fusion-builder-row fusion-builder-row-inner fusion-row \"><div  class=\"fusion-layout-column fusion_builder_column fusion_builder_column_1_3  fusion-one-third fusion-column-first 1_3\"  style='margin-top: 0px;margin-bottom: 20px;width:33.33%;width:calc(33.33% - ( ( 4% + 4% ) * 0.3333 ) );margin-right:4%;'><div class=\"fusion-column-wrapper\" style=\"padding: 0px 0px 0px 0px;background-position:left top;background-repeat:no-repeat;-webkit-background-size:cover;-moz-background-size:cover;-o-background-size:cover;background-size:cover;\"  data-bg-url=\"\"><div class=\"imageframe-align-center\"><span class=\"fusion-imageframe imageframe-none imageframe-1 hover-type-none fusion-animated\" data-animationType=\"fadeInLeft\" data-animationDuration=\"0.3\" data-animationOffset=\"100%\"><img decoding=\"async\" loading=\"lazy\" src=\"https:\/\/www.klaassen-gmbh.de\/de\/wp-content\/uploads\/2019\/09\/CNC_PR1A.png\" width=\"400\" height=\"495\" alt=\"\" title=\"CNC_PR1A\" class=\"img-responsive wp-image-3091\" srcset=\"https:\/\/www.klaassen-gmbh.de\/de\/wp-content\/uploads\/2019\/09\/CNC_PR1A-200x248.png 200w, https:\/\/www.klaassen-gmbh.de\/de\/wp-content\/uploads\/2019\/09\/CNC_PR1A.png 400w\" sizes=\"(max-width: 800px) 100vw, 400px\" \/><\/span><\/div><div class=\"fusion-text\"><h5 style=\"text-align: center;\" data-fontsize=\"16\" data-lineheight=\"24\">Probebearbeitung<\/h5>\n<\/div><div class=\"fusion-text\"><\/div><\/div><\/div><div  class=\"fusion-layout-column fusion_builder_column fusion_builder_column_1_3  fusion-one-third 1_3\"  style='margin-top: 0px;margin-bottom: 20px;width:33.33%;width:calc(33.33% - ( ( 4% + 4% ) * 0.3333 ) );margin-right:4%;'><div class=\"fusion-column-wrapper\" style=\"padding: 0px 0px 0px 0px;background-position:left top;background-repeat:no-repeat;-webkit-background-size:cover;-moz-background-size:cover;-o-background-size:cover;background-size:cover;\"  data-bg-url=\"\"><div class=\"fusion-column-content-centered\"><div class=\"fusion-column-content\"><div class=\"imageframe-align-center\"><span style=\"-webkit-border-radius:30px;-moz-border-radius:30px;border-radius:30px;\" class=\"fusion-imageframe imageframe-none imageframe-2 hover-type-none fusion-animated\" data-animationType=\"fadeInLeft\" data-animationDuration=\"0.3\" data-animationOffset=\"100%\"><img decoding=\"async\" loading=\"lazy\" src=\"https:\/\/www.klaassen-gmbh.de\/de\/wp-content\/uploads\/2019\/09\/CNC_PR1C.png\" width=\"400\" height=\"247\" alt=\"\" title=\"CNC_PR1C\" class=\"img-responsive wp-image-3093\" style=\"-webkit-border-radius:30px;-moz-border-radius:30px;border-radius:30px;\" srcset=\"https:\/\/www.klaassen-gmbh.de\/de\/wp-content\/uploads\/2019\/09\/CNC_PR1C-200x124.png 200w, https:\/\/www.klaassen-gmbh.de\/de\/wp-content\/uploads\/2019\/09\/CNC_PR1C.png 400w\" sizes=\"(max-width: 800px) 100vw, 400px\" \/><\/span><\/div><div class=\"fusion-text\"><h5 style=\"text-align: center;\" data-fontsize=\"16\" data-lineheight=\"24\">3-D-Konzept<\/h5>\n<\/div><div class=\"fusion-text\"><\/div><\/div><\/div><\/div><\/div><div  class=\"fusion-layout-column fusion_builder_column fusion_builder_column_1_3  fusion-one-third fusion-column-last 1_3\"  style='margin-top: 0px;margin-bottom: 20px;width:33.33%;width:calc(33.33% - ( ( 4% + 4% ) * 0.3333 ) );'><div class=\"fusion-column-wrapper\" style=\"padding: 0px 0px 0px 0px;background-position:left top;background-repeat:no-repeat;-webkit-background-size:cover;-moz-background-size:cover;-o-background-size:cover;background-size:cover;\"  data-bg-url=\"\"><div class=\"imageframe-align-center\"><span class=\"fusion-imageframe imageframe-none imageframe-3 hover-type-none fusion-animated\" data-animationType=\"fadeInLeft\" data-animationDuration=\"0.3\" data-animationOffset=\"100%\"><img decoding=\"async\" loading=\"lazy\" src=\"https:\/\/www.klaassen-gmbh.de\/de\/wp-content\/uploads\/2019\/09\/CNC_PR1B.png\" width=\"400\" height=\"495\" alt=\"\" title=\"CNC_PR1B\" class=\"img-responsive wp-image-3092\" srcset=\"https:\/\/www.klaassen-gmbh.de\/de\/wp-content\/uploads\/2019\/09\/CNC_PR1B-200x248.png 200w, https:\/\/www.klaassen-gmbh.de\/de\/wp-content\/uploads\/2019\/09\/CNC_PR1B.png 400w\" sizes=\"(max-width: 800px) 100vw, 400px\" \/><\/span><\/div><div class=\"fusion-text\"><h5 style=\"text-align: center;\" data-fontsize=\"16\" data-lineheight=\"24\">Getriebekasten<\/h5>\n<\/div><div class=\"fusion-text\"><\/div><\/div><\/div><\/div><div class=\"fusion-button-wrapper fusion-alignleft\"><style type=\"text\/css\" scoped=\"scoped\">.fusion-button.button-1 .fusion-button-text, .fusion-button.button-1 i {color:#ffffff;}.fusion-button.button-1 .fusion-button-text {text-transform:none;}.fusion-button.button-1 {border-width:0px;border-color:#ffffff;}.fusion-button.button-1 .fusion-button-icon-divider{border-color:#ffffff;}.fusion-button.button-1:hover .fusion-button-text, .fusion-button.button-1:hover i,.fusion-button.button-1:focus .fusion-button-text, .fusion-button.button-1:focus i,.fusion-button.button-1:active .fusion-button-text, .fusion-button.button-1:active{color:#ffffff;}.fusion-button.button-1:hover, .fusion-button.button-1:focus, .fusion-button.button-1:active{border-width:0px;border-color:#ffffff;}.fusion-button.button-1:hover .fusion-button-icon-divider, .fusion-button.button-1:hover .fusion-button-icon-divider, .fusion-button.button-1:active .fusion-button-icon-divider{border-color:#ffffff;}.fusion-button.button-1{background: #003878;}.fusion-button.button-1:hover,.button-1:focus,.fusion-button.button-1:active{background: #003878;}.fusion-button.button-1{width:auto;}<\/style><a class=\"fusion-button button-flat fusion-button-square button-large button-custom button-1\" target=\"_self\" href=\"https:\/\/www.klaassen-gmbh.de\/de\/cnc#CNC-Bearbeitungszentren\"><i class=\"fa-angle-double-left fas button-icon-left\"><\/i><span class=\"fusion-button-text\">Zur\u00fcck<\/span><\/a><\/div><div class=\"fusion-clearfix\"><\/div>\n\n\t\t\t\t\t<\/div>\n\t\t\t\t<\/div><\/div><\/div>\n","protected":false},"excerpt":{"rendered":"","protected":false},"author":1,"featured_media":0,"parent":1000,"menu_order":0,"comment_status":"closed","ping_status":"closed","template":"","meta":[],"_links":{"self":[{"href":"https:\/\/www.klaassen-gmbh.de\/de\/wp-json\/wp\/v2\/pages\/3063"}],"collection":[{"href":"https:\/\/www.klaassen-gmbh.de\/de\/wp-json\/wp\/v2\/pages"}],"about":[{"href":"https:\/\/www.klaassen-gmbh.de\/de\/wp-json\/wp\/v2\/types\/page"}],"author":[{"embeddable":true,"href":"https:\/\/www.klaassen-gmbh.de\/de\/wp-json\/wp\/v2\/users\/1"}],"replies":[{"embeddable":true,"href":"https:\/\/www.klaassen-gmbh.de\/de\/wp-json\/wp\/v2\/comments?post=3063"}],"version-history":[{"count":12,"href":"https:\/\/www.klaassen-gmbh.de\/de\/wp-json\/wp\/v2\/pages\/3063\/revisions"}],"predecessor-version":[{"id":3101,"href":"https:\/\/www.klaassen-gmbh.de\/de\/wp-json\/wp\/v2\/pages\/3063\/revisions\/3101"}],"up":[{"embeddable":true,"href":"https:\/\/www.klaassen-gmbh.de\/de\/wp-json\/wp\/v2\/pages\/1000"}],"wp:attachment":[{"href":"https:\/\/www.klaassen-gmbh.de\/de\/wp-json\/wp\/v2\/media?parent=3063"}],"curies":[{"name":"wp","href":"https:\/\/api.w.org\/{rel}","templated":true}]}}